{"id":14,"date":"2026-03-17T09:53:34","date_gmt":"2026-03-17T08:53:34","guid":{"rendered":"https:\/\/www.inseec.com\/inscription\/?page_id=14"},"modified":"2026-03-19T18:39:49","modified_gmt":"2026-03-19T17:39:49","slug":"evenements","status":"publish","type":"page","link":"https:\/\/www.monaco.edu\/inscription\/evenements\/","title":{"rendered":"Inscription \u00e0 un \u00e9v\u00e8nement"},"content":{"rendered":"<div\n\tid=\"welcome-form-block_726758552b0f3d8b273d4b19388eb2f5\"\n\tclass=\"welcome-form-wrapper welcome-form alignwide\"\n\tdata-welcome-form\n\tdata-form-type=\"evenement\"\n\tdata-brochure-confirmation-url=\"https:\/\/www.monaco.edu\/inscription\/confirmation-demande-de-brochure\/\"\n\tdata-event-confirmation-url=\"https:\/\/www.monaco.edu\/inscription\/confirmation-inscription-evenement\/\"\n\tdata-callback-confirmation-url=\"https:\/\/www.monaco.edu\/inscription\/confirmation-demande-de-rappel\/\"\n\tdata-ambassador-confirmation-url=\"https:\/\/www.monaco.edu\/inscription\/confirmation-contact-ambassadeur\/\"\n\tdata-booking-foreign-student-url=\"https:\/\/outlook.office365.com\/book\/OMNESEDUCATIONInternational@inseecadmin.onmicrosoft.com\/?ismsaljsauthenabled=true\"\n>\n\t<!-- Form will be initialized by Preact -->\n<\/div>\n\n","protected":false},"excerpt":{"rendered":"","protected":false},"author":217,"featured_media":0,"parent":0,"menu_order":0,"comment_status":"closed","ping_status":"closed","template":"welcome-form","meta":{"_acf_changed":false,"footnotes":""},"analytics_tag":[],"class_list":["post-14","page","type-page","status-publish","hentry"],"acf":[],"yoast_head":"<title>Inscription \u00e0 un \u00e9v\u00e8nement - monaco.edu inscription<\/title>\n<meta name=\"robots\" content=\"index, follow, max-snippet:-1, max-image-preview:large, max-video-preview:-1\" \/>\n<link rel=\"canonical\" href=\"https:\/\/www.monaco.edu\/inscription\/evenements\/\" \/>\n<meta property=\"og:locale\" content=\"fr_FR\" \/>\n<meta property=\"og:type\" content=\"article\" \/>\n<meta property=\"og:title\" content=\"Inscription \u00e0 un \u00e9v\u00e8nement - monaco.edu inscription\" \/>\n<meta property=\"og:url\" content=\"https:\/\/www.monaco.edu\/inscription\/evenements\/\" \/>\n<meta property=\"og:site_name\" content=\"monaco.edu inscription\" \/>\n<meta property=\"article:modified_time\" content=\"2026-03-19T17:39:49+00:00\" \/>\n<meta name=\"twitter:card\" content=\"summary_large_image\" \/>\n<script type=\"application\/ld+json\" class=\"yoast-schema-graph\">{\"@context\":\"https:\/\/schema.org\",\"@graph\":[{\"@type\":\"WebPage\",\"@id\":\"https:\/\/www.monaco.edu\/inscription\/evenements\/\",\"url\":\"https:\/\/www.monaco.edu\/inscription\/evenements\/\",\"name\":\"Inscription \u00e0 un \u00e9v\u00e8nement - monaco.edu inscription\",\"isPartOf\":{\"@id\":\"https:\/\/www.monaco.edu\/inscription\/#website\"},\"datePublished\":\"2026-03-17T08:53:34+00:00\",\"dateModified\":\"2026-03-19T17:39:49+00:00\",\"breadcrumb\":{\"@id\":\"https:\/\/www.monaco.edu\/inscription\/evenements\/#breadcrumb\"},\"inLanguage\":\"fr-FR\",\"potentialAction\":[{\"@type\":\"ReadAction\",\"target\":[\"https:\/\/www.monaco.edu\/inscription\/evenements\/\"]}]},{\"@type\":\"BreadcrumbList\",\"@id\":\"https:\/\/www.monaco.edu\/inscription\/evenements\/#breadcrumb\",\"itemListElement\":[{\"@type\":\"ListItem\",\"position\":1,\"name\":\"Home\",\"item\":\"https:\/\/www.monaco.edu\/inscription\/\"},{\"@type\":\"ListItem\",\"position\":2,\"name\":\"Inscription \u00e0 un \u00e9v\u00e8nement\"}]},{\"@type\":\"WebSite\",\"@id\":\"https:\/\/www.monaco.edu\/inscription\/#website\",\"url\":\"https:\/\/www.monaco.edu\/inscription\/\",\"name\":\"monaco.edu inscription\",\"description\":\"\",\"potentialAction\":[{\"@type\":\"SearchAction\",\"target\":{\"@type\":\"EntryPoint\",\"urlTemplate\":\"https:\/\/www.monaco.edu\/inscription\/?s={search_term_string}\"},\"query-input\":{\"@type\":\"PropertyValueSpecification\",\"valueRequired\":true,\"valueName\":\"search_term_string\"}}],\"inLanguage\":\"fr-FR\"}]}<\/script>","yoast_head_json":{"title":"Inscription \u00e0 un \u00e9v\u00e8nement - monaco.edu inscription","robots":{"index":"index","follow":"follow","max-snippet":"max-snippet:-1","max-image-preview":"max-image-preview:large","max-video-preview":"max-video-preview:-1"},"canonical":"https:\/\/www.monaco.edu\/inscription\/evenements\/","og_locale":"fr_FR","og_type":"article","og_title":"Inscription \u00e0 un \u00e9v\u00e8nement - monaco.edu inscription","og_url":"https:\/\/www.monaco.edu\/inscription\/evenements\/","og_site_name":"monaco.edu inscription","article_modified_time":"2026-03-19T17:39:49+00:00","twitter_card":"summary_large_image","schema":{"@context":"https:\/\/schema.org","@graph":[{"@type":"WebPage","@id":"https:\/\/www.monaco.edu\/inscription\/evenements\/","url":"https:\/\/www.monaco.edu\/inscription\/evenements\/","name":"Inscription \u00e0 un \u00e9v\u00e8nement - monaco.edu inscription","isPartOf":{"@id":"https:\/\/www.monaco.edu\/inscription\/#website"},"datePublished":"2026-03-17T08:53:34+00:00","dateModified":"2026-03-19T17:39:49+00:00","breadcrumb":{"@id":"https:\/\/www.monaco.edu\/inscription\/evenements\/#breadcrumb"},"inLanguage":"fr-FR","potentialAction":[{"@type":"ReadAction","target":["https:\/\/www.monaco.edu\/inscription\/evenements\/"]}]},{"@type":"BreadcrumbList","@id":"https:\/\/www.monaco.edu\/inscription\/evenements\/#breadcrumb","itemListElement":[{"@type":"ListItem","position":1,"name":"Home","item":"https:\/\/www.monaco.edu\/inscription\/"},{"@type":"ListItem","position":2,"name":"Inscription \u00e0 un \u00e9v\u00e8nement"}]},{"@type":"WebSite","@id":"https:\/\/www.monaco.edu\/inscription\/#website","url":"https:\/\/www.monaco.edu\/inscription\/","name":"monaco.edu inscription","description":"","potentialAction":[{"@type":"SearchAction","target":{"@type":"EntryPoint","urlTemplate":"https:\/\/www.monaco.edu\/inscription\/?s={search_term_string}"},"query-input":{"@type":"PropertyValueSpecification","valueRequired":true,"valueName":"search_term_string"}}],"inLanguage":"fr-FR"}]}},"lang":"fr","translations":{"fr":14,"en":173},"jetpack_sharing_enabled":true,"pll_sync_post":[],"_links":{"self":[{"href":"https:\/\/www.monaco.edu\/inscription\/wp-json\/wp\/v2\/pages\/14","targetHints":{"allow":["GET"]}}],"collection":[{"href":"https:\/\/www.monaco.edu\/inscription\/wp-json\/wp\/v2\/pages"}],"about":[{"href":"https:\/\/www.monaco.edu\/inscription\/wp-json\/wp\/v2\/types\/page"}],"author":[{"embeddable":true,"href":"https:\/\/www.monaco.edu\/inscription\/wp-json\/wp\/v2\/users\/217"}],"replies":[{"embeddable":true,"href":"https:\/\/www.monaco.edu\/inscription\/wp-json\/wp\/v2\/comments?post=14"}],"version-history":[{"count":1,"href":"https:\/\/www.monaco.edu\/inscription\/wp-json\/wp\/v2\/pages\/14\/revisions"}],"predecessor-version":[{"id":371,"href":"https:\/\/www.monaco.edu\/inscription\/wp-json\/wp\/v2\/pages\/14\/revisions\/371"}],"wp:attachment":[{"href":"https:\/\/www.monaco.edu\/inscription\/wp-json\/wp\/v2\/media?parent=14"}],"wp:term":[{"taxonomy":"analytics_tag","embeddable":true,"href":"https:\/\/www.monaco.edu\/inscription\/wp-json\/wp\/v2\/analytics_tag?post=14"}],"curies":[{"name":"wp","href":"https:\/\/api.w.org\/{rel}","templated":true}]}}